{"id":9599,"date":"2025-11-27T20:45:26","date_gmt":"2025-11-27T20:45:26","guid":{"rendered":"https:\/\/milelux.co.uk\/?page_id=9599"},"modified":"2025-12-12T17:49:28","modified_gmt":"2025-12-12T17:49:28","slug":"help","status":"publish","type":"page","link":"https:\/\/milelux.co.uk\/ro\/help\/","title":{"rendered":"Ajutor"},"content":{"rendered":"<div data-elementor-type=\"wp-page\" data-elementor-id=\"9599\" class=\"elementor elementor-9599\">\n\t\t\t\t<div class=\"elementor-element elementor-element-d5607b0 e-flex e-con-boxed e-con e-parent\" data-id=\"d5607b0\" data-element_type=\"container\">\n\t\t\t\t\t<div class=\"e-con-inner\">\n\t\t\t\t<div class=\"elementor-element elementor-element-7d066ca elementor-widget elementor-widget-luxride-title-v1\" data-id=\"7d066ca\" data-element_type=\"widget\" data-widget_type=\"luxride-title-v1.default\">\n\t\t\t\t<div class=\"elementor-widget-container\">\n\t\t\t\t\t \r\n<div class=\"title_all_box style_one dark_color\">\r\n                <h2 class=\"font-44 mb_15\">Ajutor \u0219i \u00eentreb\u0103ri frecvente<\/h2>\r\n                <p class=\"text-16 color-dark mb_0\">G\u0103si\u021bi r\u0103spunsuri la cele mai frecvente \u00eentreb\u0103ri despre serviciile noastre de \u0219oferi, procesul de rezervare, vehicule, pl\u0103\u021bi \u0219i aranjamente de c\u0103l\u0103torie.<\/p>\r\n    <\/div>\r\n\t\t\t\t<\/div>\n\t\t\t\t<\/div>\n\t\t\t\t\t<\/div>\n\t\t\t\t<\/div>\n\t\t<div class=\"elementor-element elementor-element-b282484 e-flex e-con-boxed e-con e-parent\" data-id=\"b282484\" data-element_type=\"container\">\n\t\t\t\t\t<div class=\"e-con-inner\">\n\t\t<div class=\"elementor-element elementor-element-dddda68 e-con-full e-flex e-con e-child\" data-id=\"dddda68\" data-element_type=\"container\" data-settings=\"{&quot;background_background&quot;:&quot;classic&quot;}\">\n\t\t\t\t<div class=\"elementor-element elementor-element-2c96dd2 elementor-widget elementor-widget-luxride-title-v1\" data-id=\"2c96dd2\" data-element_type=\"widget\" data-widget_type=\"luxride-title-v1.default\">\n\t\t\t\t<div class=\"elementor-widget-container\">\n\t\t\t\t\t \r\n<div class=\"title_all_box style_one dark_color\">\r\n                <h3 class=\"font-44 mb_15\">Rezerv\u0103ri \u0219i rezerv\u0103ri<\/h3>\r\n        <\/div>\r\n\t\t\t\t<\/div>\n\t\t\t\t<\/div>\n\t\t\t\t<div class=\"elementor-element elementor-element-a66e8b3 elementor-widget elementor-widget-luxride-text-editor-v1\" data-id=\"a66e8b3\" data-element_type=\"widget\" data-widget_type=\"luxride-text-editor-v1.default\">\n\t\t\t\t<div class=\"elementor-widget-container\">\n\t\t\t\t\t        <div class=\"position-relative position_p_relative\">\r\n                <p data-start=\"379\" data-end=\"605\"><strong data-start=\"379\" data-end=\"409\">Cum pot rezerva un \u0219ofer?<\/strong><br data-start=\"409\" data-end=\"412\" \/>Pute\u021bi rezerva online, ne pute\u021bi contacta prin e-mail sau WhatsApp sau pute\u021bi solicita o ofert\u0103 personalizat\u0103. Furniza\u021bi loca\u021bia de preluare, destina\u021bia, data \u0219i num\u0103rul de pasageri, iar noi vom aranja totul pentru dvs.<\/p><p data-start=\"607\" data-end=\"759\"><strong data-start=\"607\" data-end=\"644\">Cu c\u00e2t timp \u00een avans ar trebui s\u0103 fac rezervarea?<\/strong><br data-start=\"644\" data-end=\"647\" \/>Recomand\u0103m rezervarea cu 24-48 de ore \u00een avans, dar accept\u0103m \u0219i rezerv\u0103ri pentru aceea\u0219i zi, \u00een func\u021bie de disponibilitatea vehiculului.<\/p><p data-start=\"761\" data-end=\"918\"><strong data-start=\"761\" data-end=\"798\">Pot face modific\u0103ri la rezervarea mea?<\/strong><br data-start=\"798\" data-end=\"801\" \/>Da, modific\u0103rile pot fi f\u0103cute cu p\u00e2n\u0103 la 24 de ore \u00eenainte de preluare. Contacta\u021bi echipa noastr\u0103 de asisten\u021b\u0103 cu detaliile de c\u0103l\u0103torie actualizate.<\/p>            <\/div>\r\n        \t\t\t\t<\/div>\n\t\t\t\t<\/div>\n\t\t\t\t<\/div>\n\t\t<div class=\"elementor-element elementor-element-32b182b e-con-full e-flex e-con e-child\" data-id=\"32b182b\" data-element_type=\"container\" data-settings=\"{&quot;background_background&quot;:&quot;classic&quot;}\">\n\t\t\t\t<div class=\"elementor-element elementor-element-63c05a2 elementor-widget elementor-widget-luxride-title-v1\" data-id=\"63c05a2\" data-element_type=\"widget\" data-widget_type=\"luxride-title-v1.default\">\n\t\t\t\t<div class=\"elementor-widget-container\">\n\t\t\t\t\t \r\n<div class=\"title_all_box style_one dark_color\">\r\n                <h3 class=\"font-44 mb_15\">Transferuri de la aeroport<\/h3>\r\n        <\/div>\r\n\t\t\t\t<\/div>\n\t\t\t\t<\/div>\n\t\t\t\t<div class=\"elementor-element elementor-element-90a24b0 elementor-widget elementor-widget-luxride-text-editor-v1\" data-id=\"90a24b0\" data-element_type=\"widget\" data-widget_type=\"luxride-text-editor-v1.default\">\n\t\t\t\t<div class=\"elementor-widget-container\">\n\t\t\t\t\t        <div class=\"position-relative position_p_relative\">\r\n                <p data-start=\"948\" data-end=\"1081\"><strong data-start=\"948\" data-end=\"986\">Monitoriza\u021bi zborurile pentru \u00eent\u00e2rzieri?<\/strong><br data-start=\"986\" data-end=\"989\" \/>Da. Urm\u0103rim zborurile \u00een timp real \u0219i ajust\u0103m automat orele de preluare, f\u0103r\u0103 costuri suplimentare.<\/p><p data-start=\"1083\" data-end=\"1258\"><strong data-start=\"1083\" data-end=\"1134\">Unde m\u0103 va \u00eent\u00e2mpina \u0219oferul meu la aeroport?<\/strong><br data-start=\"1134\" data-end=\"1137\" \/>\u0218oferul dvs. v\u0103 va \u00eent\u00e2mpina \u00een sala de sosiri cu un panou cu numele, v\u0103 va ajuta cu bagajele \u0219i v\u0103 va escorta la ma\u0219in\u0103.<\/p><p data-start=\"1260\" data-end=\"1377\"><strong data-start=\"1260\" data-end=\"1295\">Este inclus\u0103 asisten\u021ba pentru bagaje?<\/strong><br data-start=\"1295\" data-end=\"1298\" \/>Categoric. \u0218oferii no\u0219tri v\u0103 vor ajuta \u00eentotdeauna cu \u00eenc\u0103rcarea \u0219i desc\u0103rcarea bagajelor.<\/p>            <\/div>\r\n        \t\t\t\t<\/div>\n\t\t\t\t<\/div>\n\t\t\t\t<\/div>\n\t\t\t\t\t<\/div>\n\t\t\t\t<\/div>\n\t\t<div class=\"elementor-element elementor-element-41be1f9 e-flex e-con-boxed e-con e-parent\" data-id=\"41be1f9\" data-element_type=\"container\">\n\t\t\t\t\t<div class=\"e-con-inner\">\n\t\t<div class=\"elementor-element elementor-element-4970897 e-con-full e-flex e-con e-child\" data-id=\"4970897\" data-element_type=\"container\" data-settings=\"{&quot;background_background&quot;:&quot;classic&quot;}\">\n\t\t\t\t<div class=\"elementor-element elementor-element-6af284c elementor-widget elementor-widget-luxride-title-v1\" data-id=\"6af284c\" data-element_type=\"widget\" data-widget_type=\"luxride-title-v1.default\">\n\t\t\t\t<div class=\"elementor-widget-container\">\n\t\t\t\t\t \r\n<div class=\"title_all_box style_one dark_color\">\r\n                <h3 class=\"font-44 mb_15\">Vehicule \u0219i servicii<\/h3>\r\n        <\/div>\r\n\t\t\t\t<\/div>\n\t\t\t\t<\/div>\n\t\t\t\t<div class=\"elementor-element elementor-element-1564226 elementor-widget elementor-widget-luxride-text-editor-v1\" data-id=\"1564226\" data-element_type=\"widget\" data-widget_type=\"luxride-text-editor-v1.default\">\n\t\t\t\t<div class=\"elementor-widget-container\">\n\t\t\t\t\t        <div class=\"position-relative position_p_relative\">\r\n                <p data-start=\"1409\" data-end=\"1567\"><strong data-start=\"1409\" data-end=\"1448\">Oferi\u021bi numai vehicule premium?<\/strong><br data-start=\"1448\" data-end=\"1451\" \/>Da. Oper\u0103m exclusiv cu saloane de lux, break-uri premium \u0219i furgonete business. F\u0103r\u0103 vehicule standard sau de buget.<\/p><p data-start=\"1569\" data-end=\"1731\"><strong data-start=\"1569\" data-end=\"1604\">Pot alege vehiculul exact?<\/strong><br data-start=\"1604\" data-end=\"1607\" \/>Atribuim vehiculele \u00een func\u021bie de tipul \u0219i clasa serviciului, dar solicit\u0103rile de modele specifice sunt binevenite \u0219i luate \u00een considerare acolo unde este posibil.<\/p><p data-start=\"1733\" data-end=\"1851\"><strong data-start=\"1733\" data-end=\"1762\">Oferi\u021bi scaune pentru copii?<\/strong><br data-start=\"1762\" data-end=\"1765\" \/>Da. Scaunele pentru sugari, copii \u0219i \u00een\u0103l\u021b\u0103tori sunt disponibile la cerere \u00een momentul rezerv\u0103rii.<\/p>            <\/div>\r\n        \t\t\t\t<\/div>\n\t\t\t\t<\/div>\n\t\t\t\t<\/div>\n\t\t<div class=\"elementor-element elementor-element-36696c9 e-con-full e-flex e-con e-child\" data-id=\"36696c9\" data-element_type=\"container\" data-settings=\"{&quot;background_background&quot;:&quot;classic&quot;}\">\n\t\t\t\t<div class=\"elementor-element elementor-element-0ac8645 elementor-widget elementor-widget-luxride-title-v1\" data-id=\"0ac8645\" data-element_type=\"widget\" data-widget_type=\"luxride-title-v1.default\">\n\t\t\t\t<div class=\"elementor-widget-container\">\n\t\t\t\t\t \r\n<div class=\"title_all_box style_one dark_color\">\r\n                <h3 class=\"font-44 mb_15\">Pre\u021buri \u0219i pl\u0103\u021bi<\/h3>\r\n        <\/div>\r\n\t\t\t\t<\/div>\n\t\t\t\t<\/div>\n\t\t\t\t<div class=\"elementor-element elementor-element-104f705 elementor-widget elementor-widget-luxride-text-editor-v1\" data-id=\"104f705\" data-element_type=\"widget\" data-widget_type=\"luxride-text-editor-v1.default\">\n\t\t\t\t<div class=\"elementor-widget-container\">\n\t\t\t\t\t        <div class=\"position-relative position_p_relative\">\r\n                <p data-start=\"1881\" data-end=\"1992\"><strong data-start=\"1881\" data-end=\"1907\">Pre\u021burile dvs. sunt fixe?<\/strong><br data-start=\"1907\" data-end=\"1910\" \/>Da. Toate rezerv\u0103rile sunt confirmate cu pre\u021buri fixe - f\u0103r\u0103 tarife suplimentare sau costuri ascunse.<\/p><p data-start=\"1994\" data-end=\"2149\"><strong data-start=\"1994\" data-end=\"2033\">Ce metode de plat\u0103 accepta\u021bi?<\/strong><br data-start=\"2033\" data-end=\"2036\" \/>Accept\u0103m carduri de credit\/debit, transfer bancar, link-uri de plat\u0103 online \u0219i facturare corporativ\u0103 pentru conturile de afaceri.<\/p><p data-start=\"2151\" data-end=\"2323\"><strong data-start=\"2151\" data-end=\"2192\">Percepe\u021bi taxe suplimentare pentru timpul de a\u0219teptare?<\/strong><br data-start=\"2192\" data-end=\"2195\" \/>Oferim timp de a\u0219teptare gratuit pentru sosirile la aeroport \u0219i prelu\u0103rile de la hotel. Timpul suplimentar va fi taxat conform politicii noastre tarifare.<\/p>            <\/div>\r\n        \t\t\t\t<\/div>\n\t\t\t\t<\/div>\n\t\t\t\t<\/div>\n\t\t\t\t\t<\/div>\n\t\t\t\t<\/div>\n\t\t<div class=\"elementor-element elementor-element-c897898 e-flex e-con-boxed e-con e-parent\" data-id=\"c897898\" data-element_type=\"container\">\n\t\t\t\t\t<div class=\"e-con-inner\">\n\t\t<div class=\"elementor-element elementor-element-58048f5 e-con-full e-flex e-con e-child\" data-id=\"58048f5\" data-element_type=\"container\" data-settings=\"{&quot;background_background&quot;:&quot;classic&quot;}\">\n\t\t\t\t<div class=\"elementor-element elementor-element-39a2335 elementor-widget elementor-widget-luxride-title-v1\" data-id=\"39a2335\" data-element_type=\"widget\" data-widget_type=\"luxride-title-v1.default\">\n\t\t\t\t<div class=\"elementor-widget-container\">\n\t\t\t\t\t \r\n<div class=\"title_all_box style_one dark_color\">\r\n                <h3 class=\"font-44 mb_15\">Contacta\u021bi-ne<\/h3>\r\n                <p class=\"text-16 color-dark mb_0\">Dac\u0103 ave\u021bi nevoie de asisten\u021b\u0103 cu rezervarea dvs., dac\u0103 ave\u021bi \u00eentreb\u0103ri despre serviciile noastre sau dac\u0103 ave\u021bi nevoie de o solu\u021bie de c\u0103l\u0103torie personalizat\u0103, echipa noastr\u0103 este aici pentru a v\u0103 sprijini.<\/p>\r\n    <\/div>\r\n\t\t\t\t<\/div>\n\t\t\t\t<\/div>\n\t\t\t\t<div class=\"elementor-element elementor-element-02b4016 elementor-icon-list--layout-inline elementor-list-item-link-full_width elementor-widget elementor-widget-icon-list\" data-id=\"02b4016\" data-element_type=\"widget\" data-widget_type=\"icon-list.default\">\n\t\t\t\t\t\t\t<ul class=\"elementor-icon-list-items elementor-inline-items\">\n\t\t\t\t\t\t\t<li class=\"elementor-icon-list-item elementor-inline-item\">\n\t\t\t\t\t\t\t\t\t\t\t<a href=\"tel: 441216672040\">\n\n\t\t\t\t\t\t\t\t\t\t\t\t<span class=\"elementor-icon-list-icon\">\n\t\t\t\t\t\t\t<svg aria-hidden=\"true\" class=\"e-font-icon-svg e-fas-phone\" viewbox=\"0 0 512 512\" xmlns=\"http:\/\/www.w3.org\/2000\/svg\"><path d=\"M493.4 24.6l-104-24c-11.3-2.6-22.9 3.3-27.5 13.9l-48 112c-4.2 9.8-1.4 21.3 6.9 28l60.6 49.6c-36 76.7-98.9 140.5-177.2 177.2l-49.6-60.6c-6.8-8.3-18.2-11.1-28-6.9l-112 48C3.9 366.5-2 378.1.6 389.4l24 104C27.1 504.2 36.7 512 48 512c256.1 0 464-207.5 464-464 0-11.2-7.7-20.9-18.6-23.4z\"><\/path><\/svg>\t\t\t\t\t\t<\/span>\n\t\t\t\t\t\t\t\t\t\t<span class=\"elementor-icon-list-text\">+44 121 667 20 40<\/span>\n\t\t\t\t\t\t\t\t\t\t\t<\/a>\n\t\t\t\t\t\t\t\t\t<\/li>\n\t\t\t\t\t\t\t\t<li class=\"elementor-icon-list-item elementor-inline-item\">\n\t\t\t\t\t\t\t\t\t\t\t<a href=\"https:\/\/wa.link\/vnutiy\" target=\"_blank\" rel=\"noopener\">\n\n\t\t\t\t\t\t\t\t\t\t\t\t<span class=\"elementor-icon-list-icon\">\n\t\t\t\t\t\t\t<svg aria-hidden=\"true\" class=\"e-font-icon-svg e-fab-whatsapp\" viewbox=\"0 0 448 512\" xmlns=\"http:\/\/www.w3.org\/2000\/svg\"><path d=\"M380.9 97.1C339 55.1 283.2 32 223.9 32c-122.4 0-222 99.6-222 222 0 39.1 10.2 77.3 29.6 111L0 480l117.7-30.9c32.4 17.7 68.9 27 106.1 27h.1c122.3 0 224.1-99.6 224.1-222 0-59.3-25.2-115-67.1-157zm-157 341.6c-33.2 0-65.7-8.9-94-25.7l-6.7-4-69.8 18.3L72 359.2l-4.4-7c-18.5-29.4-28.2-63.3-28.2-98.2 0-101.7 82.8-184.5 184.6-184.5 49.3 0 95.6 19.2 130.4 54.1 34.8 34.9 56.2 81.2 56.1 130.5 0 101.8-84.9 184.6-186.6 184.6zm101.2-138.2c-5.5-2.8-32.8-16.2-37.9-18-5.1-1.9-8.8-2.8-12.5 2.8-3.7 5.6-14.3 18-17.6 21.8-3.2 3.7-6.5 4.2-12 1.4-32.6-16.3-54-29.1-75.5-66-5.7-9.8 5.7-9.1 16.3-30.3 1.8-3.7.9-6.9-.5-9.7-1.4-2.8-12.5-30.1-17.1-41.2-4.5-10.8-9.1-9.3-12.5-9.5-3.2-.2-6.9-.2-10.6-.2-3.7 0-9.7 1.4-14.8 6.9-5.1 5.6-19.4 19-19.4 46.3 0 27.3 19.9 53.7 22.6 57.4 2.8 3.7 39.1 59.7 94.8 83.8 35.2 15.2 49 16.5 66.6 13.9 10.7-1.6 32.8-13.4 37.4-26.4 4.6-13 4.6-24.1 3.2-26.4-1.3-2.5-5-3.9-10.5-6.6z\"><\/path><\/svg>\t\t\t\t\t\t<\/span>\n\t\t\t\t\t\t\t\t\t\t<span class=\"elementor-icon-list-text\">07526 334207<\/span>\n\t\t\t\t\t\t\t\t\t\t\t<\/a>\n\t\t\t\t\t\t\t\t\t<\/li>\n\t\t\t\t\t\t<\/ul>\n\t\t\t\t\t\t<\/div>\n\t\t\t\t<\/div>\n\t\t\t\t\t<\/div>\n\t\t\t\t<\/div>\n\t\t\t\t<\/div>","protected":false},"excerpt":{"rendered":"<p>Help &amp; Frequently Asked Questions Find answers to the most common questions about our chauffeur services, booking process, vehicles, payments, and travel arrangements. Booking &amp; Reservations How do I book a chauffeur?You can book online, contact us via email or WhatsApp, or request a customised quote. Provide your pickup location, destination, date, and passenger count, [&hellip;]<\/p>","protected":false},"author":1,"featured_media":0,"parent":0,"menu_order":0,"comment_status":"closed","ping_status":"closed","template":"template-fullwidth.php","meta":{"_uag_custom_page_level_css":"","_glsr_average":0,"_glsr_ranking":0,"_glsr_reviews":0,"footnotes":""},"class_list":["post-9599","page","type-page","status-publish","hentry"],"_hostinger_reach_plugin_has_subscription_block":false,"_hostinger_reach_plugin_is_elementor":false,"uagb_featured_image_src":{"full":false,"thumbnail":false,"medium":false,"medium_large":false,"large":false,"1536x1536":false,"2048x2048":false,"trp-custom-language-flag":false,"luxride-blog-image-1200-700":false,"luxride-image-370-270":false,"luxride-related-post-470-370":false,"luxride-team-single-image-1200-700":false,"chbs_vehicle":false,"chbs_vehicle_2":false},"uagb_author_info":{"display_name":"milelux@yahoo.com","author_link":"https:\/\/milelux.co.uk\/ro\/author\/mileluxyahoo-com\/"},"uagb_comment_info":0,"uagb_excerpt":"Help &amp; Frequently Asked Questions Find answers to the most common questions about our chauffeur services, booking process, vehicles, payments, and travel arrangements. Booking &amp; Reservations How do I book a chauffeur?You can book online, contact us via email or WhatsApp, or request a customised quote. Provide your pickup location, destination, date, and passenger count,&hellip;","_links":{"self":[{"href":"https:\/\/milelux.co.uk\/ro\/wp-json\/wp\/v2\/pages\/9599","targetHints":{"allow":["GET"]}}],"collection":[{"href":"https:\/\/milelux.co.uk\/ro\/wp-json\/wp\/v2\/pages"}],"about":[{"href":"https:\/\/milelux.co.uk\/ro\/wp-json\/wp\/v2\/types\/page"}],"author":[{"embeddable":true,"href":"https:\/\/milelux.co.uk\/ro\/wp-json\/wp\/v2\/users\/1"}],"replies":[{"embeddable":true,"href":"https:\/\/milelux.co.uk\/ro\/wp-json\/wp\/v2\/comments?post=9599"}],"version-history":[{"count":0,"href":"https:\/\/milelux.co.uk\/ro\/wp-json\/wp\/v2\/pages\/9599\/revisions"}],"wp:attachment":[{"href":"https:\/\/milelux.co.uk\/ro\/wp-json\/wp\/v2\/media?parent=9599"}],"curies":[{"name":"wp","href":"https:\/\/api.w.org\/{rel}","templated":true}]}}