{"id":215,"date":"2024-04-19T07:04:56","date_gmt":"2024-04-19T07:04:56","guid":{"rendered":"https:\/\/luxride.themepanthers.com\/lux2\/?page_id=215"},"modified":"2025-12-12T17:43:25","modified_gmt":"2025-12-12T17:43:25","slug":"blog","status":"publish","type":"page","link":"https:\/\/milelux.co.uk\/ro\/blog\/","title":{"rendered":"Blog"},"content":{"rendered":"<div data-elementor-type=\"wp-page\" data-elementor-id=\"215\" class=\"elementor elementor-215\">\n\t\t\t\t<div class=\"elementor-element elementor-element-cb9c00e e-flex e-con-boxed e-con e-parent\" data-id=\"cb9c00e\" data-element_type=\"container\">\n\t\t\t\t\t<div class=\"e-con-inner\">\n\t\t\t\t<div class=\"elementor-element elementor-element-2a06e97 elementor-widget elementor-widget-luxride-blog-grid-v1\" data-id=\"2a06e97\" data-element_type=\"widget\" data-widget_type=\"luxride-blog-grid-v1.default\">\n\t\t\t\t<div class=\"elementor-widget-container\">\n\t\t\t\t\t \n    <div class=\"grid_view  ajax_posts_enabled  version_dark\">\n    <div class=\"row  ajax_container\">\n                                                     \n                        <article class=\"col-xl-4 col-lg-4 col-md-6 col-sm-6 ajax-wrapper\"> \n                            <div class=\"cardNews two d_flex  has_images\">\n                                     \n                                        <a href=\"https:\/\/milelux.co.uk\/ro\/luxury-airport-transfers-in-birmingham-why-choose-a-professional-chauffeur-service\/\" class=\"image-box img_obj_fit_center trans\">\n                                        <img fetchpriority=\"high\" decoding=\"async\" width=\"600\" height=\"600\" src=\"https:\/\/milelux.co.uk\/wp-content\/uploads\/2024\/04\/corporate-travel-milelux-e1764315039958.png\" class=\"trans wp-post-image\" alt=\"\" srcset=\"https:\/\/milelux.co.uk\/wp-content\/uploads\/2024\/04\/corporate-travel-milelux-e1764315039958.png 942w, https:\/\/milelux.co.uk\/wp-content\/uploads\/2024\/04\/corporate-travel-milelux-e1764315039958-300x300.png 300w, https:\/\/milelux.co.uk\/wp-content\/uploads\/2024\/04\/corporate-travel-milelux-e1764315039958-150x150.png 150w\" sizes=\"(max-width: 600px) 100vw, 600px\">                                                                                            <time class=\"date_differnet published\" datetime=\"2026-01-13T22:23:00+00:00\"><span class=\"big\">13<\/span> <span class=\"font-xs\">ianuarie, 2026<\/span><\/time>                                             \n                                        <\/a> \n                                                                    <div class=\"cardInfo\">  \n                                                                            <div class=\"d-flex meta\">\n                                                                                            <a href=\"https:\/\/milelux.co.uk\/ro\/category\/uncategorized\/\" class=\"category_btn\">F\u0103r\u0103 categorie<\/a> \n                                             \n                                           \n                                        <\/div> \n                                     \n                                    <a href=\"https:\/\/milelux.co.uk\/ro\/luxury-airport-transfers-in-birmingham-why-choose-a-professional-chauffeur-service\/\" rel=\"bookmark\" class=\"font-20 trim-2 mb_10\">Transferuri de lux la aeroport \u00een Birmingham: De ce s\u0103 alege\u021bi un serviciu profesionist de \u0219oferi<\/a>\n                                                                            <p class=\"des_cription\">When travelling to or from the airport, comfort, reliability, and punctuality matter. Whether you\u2019re a&hellip;<\/p>\n                                                                            \n                            <\/div>     <\/div>\n                        <\/article> \n                                                                                         \n                        <article class=\"col-xl-4 col-lg-4 col-md-6 col-sm-6 ajax-wrapper\"> \n                            <div class=\"cardNews two d_flex  has_images\">\n                                     \n                                        <a href=\"https:\/\/milelux.co.uk\/ro\/hotel-to-airport-luxury-transfer-options-in-london-manchester-bristol\/\" class=\"image-box img_obj_fit_center trans\">\n                                        <img decoding=\"async\" width=\"600\" height=\"551\" src=\"https:\/\/milelux.co.uk\/wp-content\/uploads\/2025\/11\/air-transfer-milelux-e1764317170732.png\" class=\"trans wp-post-image\" alt=\"\" srcset=\"https:\/\/milelux.co.uk\/wp-content\/uploads\/2025\/11\/air-transfer-milelux-e1764317170732.png 1024w, https:\/\/milelux.co.uk\/wp-content\/uploads\/2025\/11\/air-transfer-milelux-e1764317170732-300x275.png 300w, https:\/\/milelux.co.uk\/wp-content\/uploads\/2025\/11\/air-transfer-milelux-e1764317170732-768x705.png 768w\" sizes=\"(max-width: 600px) 100vw, 600px\">                                                                                            <time class=\"date_differnet published\" datetime=\"2025-11-28T08:06:23+00:00\"><span class=\"big\">28<\/span> <span class=\"font-xs\">noiembrie, 2025<\/span><\/time>                                             \n                                        <\/a> \n                                                                    <div class=\"cardInfo\">  \n                                                                            <div class=\"d-flex meta\">\n                                                                                            <a href=\"https:\/\/milelux.co.uk\/ro\/category\/airport-transfers\/\" class=\"category_btn\">Transferuri de la aeroport<\/a> \n                                             \n                                           \n                                        <\/div> \n                                     \n                                    <a href=\"https:\/\/milelux.co.uk\/ro\/hotel-to-airport-luxury-transfer-options-in-london-manchester-bristol\/\" rel=\"bookmark\" class=\"font-20 trim-2 mb_10\">De la hotel la aeroport: Op\u021biuni de transfer de lux \u00een Londra, Manchester \u0219i Bristol<\/a>\n                                                                            <p class=\"des_cription\">When it comes to hotel-to-airport travel, business travellers, families, and VIP guests expect more than&hellip;<\/p>\n                                                                            \n                            <\/div>     <\/div>\n                        <\/article> \n                                                                                         \n                        <article class=\"col-xl-4 col-lg-4 col-md-6 col-sm-6 ajax-wrapper\"> \n                            <div class=\"cardNews two d_flex  has_images\">\n                                     \n                                        <a href=\"https:\/\/milelux.co.uk\/ro\/heathrow-vs-gatwick-which-airport-is-better-for-business-travellers\/\" class=\"image-box img_obj_fit_center trans\">\n                                        <img decoding=\"async\" width=\"600\" height=\"600\" src=\"https:\/\/milelux.co.uk\/wp-content\/uploads\/2025\/11\/airport-transfers-blog-milelux-e1764316419815-768x768.png\" class=\"trans wp-post-image\" alt=\"\" srcset=\"https:\/\/milelux.co.uk\/wp-content\/uploads\/2025\/11\/airport-transfers-blog-milelux-e1764316419815-768x768.png 768w, https:\/\/milelux.co.uk\/wp-content\/uploads\/2025\/11\/airport-transfers-blog-milelux-e1764316419815-300x300.png 300w, https:\/\/milelux.co.uk\/wp-content\/uploads\/2025\/11\/airport-transfers-blog-milelux-e1764316419815-150x150.png 150w, https:\/\/milelux.co.uk\/wp-content\/uploads\/2025\/11\/airport-transfers-blog-milelux-e1764316419815.png 956w\" sizes=\"(max-width: 600px) 100vw, 600px\">                                                                                            <time class=\"date_differnet published\" datetime=\"2025-11-25T07:50:02+00:00\"><span class=\"big\">25<\/span> <span class=\"font-xs\">noiembrie, 2025<\/span><\/time>                                             \n                                        <\/a> \n                                                                    <div class=\"cardInfo\">  \n                                                                            <div class=\"d-flex meta\">\n                                                                                            <a href=\"https:\/\/milelux.co.uk\/ro\/category\/airport-transfers\/\" class=\"category_btn\">Transferuri de la aeroport<\/a> \n                                             \n                                           \n                                        <\/div> \n                                     \n                                    <a href=\"https:\/\/milelux.co.uk\/ro\/heathrow-vs-gatwick-which-airport-is-better-for-business-travellers\/\" rel=\"bookmark\" class=\"font-20 trim-2 mb_10\">Heathrow vs Gatwick: Care aeroport este mai bun pentru c\u0103l\u0103torii de afaceri?<\/a>\n                                                                            <p class=\"des_cription\">When it comes to business travel in London, Heathrow and Gatwick are the two major&hellip;<\/p>\n                                                                            \n                            <\/div>     <\/div>\n                        <\/article> \n                                                                                         \n                        <article class=\"col-xl-4 col-lg-4 col-md-6 col-sm-6 ajax-wrapper\"> \n                            <div class=\"cardNews two d_flex  has_images\">\n                                     \n                                        <a href=\"https:\/\/milelux.co.uk\/ro\/why-first-class-travellers-choose-chauffeur-hire-over-airport-taxis\/\" class=\"image-box img_obj_fit_center trans\">\n                                        <img loading=\"lazy\" decoding=\"async\" width=\"600\" height=\"600\" src=\"https:\/\/milelux.co.uk\/wp-content\/uploads\/2025\/11\/business-volvo-e1764316904563.png\" class=\"trans wp-post-image\" alt=\"\" srcset=\"https:\/\/milelux.co.uk\/wp-content\/uploads\/2025\/11\/business-volvo-e1764316904563.png 940w, https:\/\/milelux.co.uk\/wp-content\/uploads\/2025\/11\/business-volvo-e1764316904563-300x300.png 300w, https:\/\/milelux.co.uk\/wp-content\/uploads\/2025\/11\/business-volvo-e1764316904563-150x150.png 150w\" sizes=\"(max-width: 600px) 100vw, 600px\">                                                                                            <time class=\"date_differnet published\" datetime=\"2025-11-21T07:54:02+00:00\"><span class=\"big\">21<\/span> <span class=\"font-xs\">noiembrie, 2025<\/span><\/time>                                             \n                                        <\/a> \n                                                                    <div class=\"cardInfo\">  \n                                                                            <div class=\"d-flex meta\">\n                                                                                            <a href=\"https:\/\/milelux.co.uk\/ro\/category\/airport-transfers\/\" class=\"category_btn\">Transferuri de la aeroport<\/a> \n                                             \n                                           \n                                        <\/div> \n                                     \n                                    <a href=\"https:\/\/milelux.co.uk\/ro\/why-first-class-travellers-choose-chauffeur-hire-over-airport-taxis\/\" rel=\"bookmark\" class=\"font-20 trim-2 mb_10\">De ce c\u0103l\u0103torii de prim\u0103 clas\u0103 aleg \u00eenchirierea de \u0219oferi \u00een locul taxiurilor de la aeroport<\/a>\n                                                                            <p class=\"des_cription\">For first-class travellers, the journey doesn\u2019t begin at the airport\u2014it begins the moment they leave&hellip;<\/p>\n                                                                            \n                            <\/div>     <\/div>\n                        <\/article> \n                                                                                          \n                 \n    <\/div>\n            <div class=\"row\">\n            <div class=\"col-lg-12\">\n                <div class=\"pagination_blog pagination-area  yes_jax_pagi\"> \n                              \n                <\/div>\n            <\/div>     \n        <\/div> \n      \n    <\/div>\n\t\t\t\t<\/div>\n\t\t\t\t<\/div>\n\t\t\t\t\t<\/div>\n\t\t\t\t<\/div>\n\t\t\t\t<\/div>","protected":false},"excerpt":{"rendered":"<p>18 April, 2024 Car Rent Post a Comment Escaping London for a relaxing long weekend Explore the picturesque countryside of England, such as the Cotswolds, Lake District, or Peak District. 18 April, 2024 Limousine Comments are Closed Plan the perfect NYC Memorial Day weekend Pack only what you need and avoid overpacking to streamline the [&hellip;]<\/p>","protected":false},"author":1,"featured_media":0,"parent":0,"menu_order":0,"comment_status":"closed","ping_status":"closed","template":"template-fullwidth.php","meta":{"_uag_custom_page_level_css":"","_glsr_average":0,"_glsr_ranking":0,"_glsr_reviews":0,"footnotes":""},"class_list":["post-215","page","type-page","status-publish","hentry"],"_hostinger_reach_plugin_has_subscription_block":false,"_hostinger_reach_plugin_is_elementor":false,"uagb_featured_image_src":{"full":false,"thumbnail":false,"medium":false,"medium_large":false,"large":false,"1536x1536":false,"2048x2048":false,"trp-custom-language-flag":false,"luxride-blog-image-1200-700":false,"luxride-image-370-270":false,"luxride-related-post-470-370":false,"luxride-team-single-image-1200-700":false,"chbs_vehicle":false,"chbs_vehicle_2":false},"uagb_author_info":{"display_name":"milelux@yahoo.com","author_link":"https:\/\/milelux.co.uk\/ro\/author\/mileluxyahoo-com\/"},"uagb_comment_info":0,"uagb_excerpt":"18 April, 2024 Car Rent Post a Comment Escaping London for a relaxing long weekend Explore the picturesque countryside of England, such as the Cotswolds, Lake District, or Peak District. 18 April, 2024 Limousine Comments are Closed Plan the perfect NYC Memorial Day weekend Pack only what you need and avoid overpacking to streamline the&hellip;","_links":{"self":[{"href":"https:\/\/milelux.co.uk\/ro\/wp-json\/wp\/v2\/pages\/215","targetHints":{"allow":["GET"]}}],"collection":[{"href":"https:\/\/milelux.co.uk\/ro\/wp-json\/wp\/v2\/pages"}],"about":[{"href":"https:\/\/milelux.co.uk\/ro\/wp-json\/wp\/v2\/types\/page"}],"author":[{"embeddable":true,"href":"https:\/\/milelux.co.uk\/ro\/wp-json\/wp\/v2\/users\/1"}],"replies":[{"embeddable":true,"href":"https:\/\/milelux.co.uk\/ro\/wp-json\/wp\/v2\/comments?post=215"}],"version-history":[{"count":0,"href":"https:\/\/milelux.co.uk\/ro\/wp-json\/wp\/v2\/pages\/215\/revisions"}],"wp:attachment":[{"href":"https:\/\/milelux.co.uk\/ro\/wp-json\/wp\/v2\/media?parent=215"}],"curies":[{"name":"wp","href":"https:\/\/api.w.org\/{rel}","templated":true}]}}