{"id":212,"date":"2024-04-19T07:04:56","date_gmt":"2024-04-19T07:04:56","guid":{"rendered":"https:\/\/luxride.themepanthers.com\/lux2\/?page_id=212"},"modified":"2025-12-12T17:51:29","modified_gmt":"2025-12-12T17:51:29","slug":"services","status":"publish","type":"page","link":"https:\/\/milelux.co.uk\/ro\/services\/","title":{"rendered":"Servicii"},"content":{"rendered":"<div data-elementor-type=\"wp-page\" data-elementor-id=\"212\" class=\"elementor elementor-212\">\n\t\t\t\t<div class=\"elementor-element elementor-element-f5fc871 e-flex e-con-boxed e-con e-parent\" data-id=\"f5fc871\" data-element_type=\"container\">\n\t\t\t\t\t<div class=\"e-con-inner\">\n\t\t\t\t<div class=\"elementor-element elementor-element-b75aafc elementor-widget elementor-widget-luxride-title-v1\" data-id=\"b75aafc\" data-element_type=\"widget\" data-widget_type=\"luxride-title-v1.default\">\n\t\t\t\t<div class=\"elementor-widget-container\">\n\t\t\t\t\t \r\n<div class=\"title_all_box style_one dark_color\">\r\n                <h2 class=\"font-44 mb_15\">Solu\u021bii de lux cu \u0219ofer pentru aeroporturi, corpora\u021bii \u0219i c\u0103l\u0103torii pe distan\u021be lungi<\/h2>\r\n                <p class=\"text-16 color-dark mb_0\">La Milelux, oferim mai mult dec\u00e2t transport - oferim o experien\u021b\u0103 de c\u0103l\u0103torie personalizat\u0103, premium, conceput\u0103 \u00een jurul confortului, fiabilit\u0103\u021bii \u0219i aten\u021biei personale. Fie c\u0103 c\u0103l\u0103tori\u021bi \u00een interes de serviciu, cu familia sau pentru o ocazie special\u0103, \u0219oferii no\u0219tri profesioni\u0219ti \u0219i flota noastr\u0103 exclusiv premium v\u0103 asigur\u0103 c\u0103 fiecare kilometru este condus la perfec\u021biune.<\/p>\r\n    <\/div>\r\n\t\t\t\t<\/div>\n\t\t\t\t<\/div>\n\t\t\t\t<div class=\"elementor-element elementor-element-2089760 elementor-widget elementor-widget-luxride-service-grid-v1\" data-id=\"2089760\" data-element_type=\"widget\" data-widget_type=\"luxride-service-grid-v1.default\">\n\t\t\t\t<div class=\"elementor-widget-container\">\n\t\t\t\t\t \n    <div class=\"grid_view\">\n        <div class=\"row\">\n                                                     \n                        <article class=\"col-xl-4 col-lg-4 col-md-6 col-sm-6\"> \n                        <div class=\"cardService mb_30 two\">\n                                    <div class=\"cardImage img_obj_fit_center mb_20\"> \n                                        <img fetchpriority=\"high\" decoding=\"async\" width=\"570\" height=\"563\" src=\"https:\/\/milelux.co.uk\/wp-content\/uploads\/2024\/04\/milelux-airport-transfer-e1764314529725.png\" class=\"trans wp-post-image\" alt=\"Airport Transfers\" srcset=\"https:\/\/milelux.co.uk\/wp-content\/uploads\/2024\/04\/milelux-airport-transfer-e1764314529725.png 966w, https:\/\/milelux.co.uk\/wp-content\/uploads\/2024\/04\/milelux-airport-transfer-e1764314529725-300x296.png 300w, https:\/\/milelux.co.uk\/wp-content\/uploads\/2024\/04\/milelux-airport-transfer-e1764314529725-768x758.png 768w\" sizes=\"(max-width: 570px) 100vw, 570px\" \/>  \n                                                       \n         \n                                    <\/div>\n                                    <div class=\"cardInfo\">\n                                                                                                                                                    <a href=\"https:\/\/milelux.co.uk\/ro\/service\/airport-transfers\/\" rel=\"bookmark\" class=\"font-20 trim-2 color-dark mb_10\">Transferuri de la aeroport<\/a>\n                       \n                                                                                    <p class=\"text-14  mb_15\">Enjoy seamless, stress-free airport transfers with flight tracking, meet-and-greet service, and premium comfort from door&hellip;<\/p>\n                                                                                                                         \n                                            <a class=\"lint_btn\" href=\"https:\/\/milelux.co.uk\/ro\/service\/airport-transfers\/\">\n                                                Afla\u021bi mai multe                                                <svg class=\"icon-16\" fill=\"none\" stroke=\"currentColor\" stroke-width=\"1.5\" viewbox=\"0 0 24 24\" xmlns=\"http:\/\/www.w3.org\/2000\/svg\" aria-hidden=\"true\">\n                                                    <path stroke-linecap=\"round\" stroke-linejoin=\"round\" d=\"M4.5 19.5l15-15m0 0H8.25m11.25 0v11.25\"><\/path>\n                                                <\/svg>\n                                            <\/a>\n                                                                            <\/div> \n                                <\/div> \n                        <\/article> \n                                                                                              \n                        <article class=\"col-xl-4 col-lg-4 col-md-6 col-sm-6\"> \n                        <div class=\"cardService mb_30 two\">\n                                    <div class=\"cardImage img_obj_fit_center mb_20\"> \n                                        <img decoding=\"async\" width=\"570\" height=\"570\" src=\"https:\/\/milelux.co.uk\/wp-content\/uploads\/2024\/04\/corporate-travel-milelux-e1764315039958-768x766.png\" class=\"trans wp-post-image\" alt=\"\" srcset=\"https:\/\/milelux.co.uk\/wp-content\/uploads\/2024\/04\/corporate-travel-milelux-e1764315039958-768x766.png 768w, https:\/\/milelux.co.uk\/wp-content\/uploads\/2024\/04\/corporate-travel-milelux-e1764315039958-300x300.png 300w, https:\/\/milelux.co.uk\/wp-content\/uploads\/2024\/04\/corporate-travel-milelux-e1764315039958-150x150.png 150w, https:\/\/milelux.co.uk\/wp-content\/uploads\/2024\/04\/corporate-travel-milelux-e1764315039958.png 942w\" sizes=\"(max-width: 570px) 100vw, 570px\">  \n                                                       \n         \n                                    <\/div>\n                                    <div class=\"cardInfo\">\n                                                                                                                                                    <a href=\"https:\/\/milelux.co.uk\/ro\/service\/corporate-travel\/\" rel=\"bookmark\" class=\"font-20 trim-2 color-dark mb_10\">C\u0103l\u0103torii corporative<\/a>\n                       \n                                                                                    <p class=\"text-14  mb_15\">Professional, reliable, and discreet chauffeur services tailored for business executives, meetings, roadshows, and corporate events&hellip;<\/p>\n                                                                                                                         \n                                            <a class=\"lint_btn\" href=\"https:\/\/milelux.co.uk\/ro\/service\/corporate-travel\/\">\n                                                Afla\u021bi mai multe                                                <svg class=\"icon-16\" fill=\"none\" stroke=\"currentColor\" stroke-width=\"1.5\" viewbox=\"0 0 24 24\" xmlns=\"http:\/\/www.w3.org\/2000\/svg\" aria-hidden=\"true\">\n                                                    <path stroke-linecap=\"round\" stroke-linejoin=\"round\" d=\"M4.5 19.5l15-15m0 0H8.25m11.25 0v11.25\"><\/path>\n                                                <\/svg>\n                                            <\/a>\n                                                                            <\/div> \n                                <\/div> \n                        <\/article> \n                                                                                              \n                        <article class=\"col-xl-4 col-lg-4 col-md-6 col-sm-6\"> \n                        <div class=\"cardService mb_30 two\">\n                                    <div class=\"cardImage img_obj_fit_center mb_20\"> \n                                        <img decoding=\"async\" width=\"570\" height=\"570\" src=\"https:\/\/milelux.co.uk\/wp-content\/uploads\/2024\/04\/long-distance-milelux-e1764314897310-768x768.png\" class=\"trans wp-post-image\" alt=\"\" srcset=\"https:\/\/milelux.co.uk\/wp-content\/uploads\/2024\/04\/long-distance-milelux-e1764314897310-768x768.png 768w, https:\/\/milelux.co.uk\/wp-content\/uploads\/2024\/04\/long-distance-milelux-e1764314897310-300x300.png 300w, https:\/\/milelux.co.uk\/wp-content\/uploads\/2024\/04\/long-distance-milelux-e1764314897310-150x150.png 150w, https:\/\/milelux.co.uk\/wp-content\/uploads\/2024\/04\/long-distance-milelux-e1764314897310.png 960w\" sizes=\"(max-width: 570px) 100vw, 570px\">  \n                                                       \n         \n                                    <\/div>\n                                    <div class=\"cardInfo\">\n                                                                                                                                                    <a href=\"https:\/\/milelux.co.uk\/ro\/service\/long-distance\/\" rel=\"bookmark\" class=\"font-20 trim-2 color-dark mb_10\">Plimb\u0103ri pe distan\u021be lungi<\/a>\n                       \n                                                                                    <p class=\"text-14  mb_15\">Travel between cities in comfort, privacy, and luxury with chauffeured long-distance rides designed for convenience,&hellip;<\/p>\n                                                                                                                         \n                                            <a class=\"lint_btn\" href=\"https:\/\/milelux.co.uk\/ro\/service\/long-distance\/\">\n                                                Afla\u021bi mai multe                                                <svg class=\"icon-16\" fill=\"none\" stroke=\"currentColor\" stroke-width=\"1.5\" viewbox=\"0 0 24 24\" xmlns=\"http:\/\/www.w3.org\/2000\/svg\" aria-hidden=\"true\">\n                                                    <path stroke-linecap=\"round\" stroke-linejoin=\"round\" d=\"M4.5 19.5l15-15m0 0H8.25m11.25 0v11.25\"><\/path>\n                                                <\/svg>\n                                            <\/a>\n                                                                            <\/div> \n                                <\/div> \n                        <\/article> \n                                                                                               \n                 \n    <\/div>\n            <div class=\"row\">\n            <div class=\"col-lg-12\">\n                <div class=\"pagination_service pagination-area\"> \n                              \n                <\/div>\n            <\/div>     \n        <\/div> \n      \n    <\/div>\n\t\t\t\t<\/div>\n\t\t\t\t<\/div>\n\t\t\t\t\t<\/div>\n\t\t\t\t<\/div>\n\t\t\t\t<\/div>","protected":false},"excerpt":{"rendered":"<p>Luxury Chauffeur Solutions for Airport, Corporate, and Long-Distance Travel At Milelux, we provide more than transportation \u2014 we deliver a tailored, premium travel experience designed around comfort, reliability, and personal attention. Whether you are travelling for business, with family, or for a special occasion, our professional chauffeurs and premium-only fleet ensure every mile is driven [&hellip;]<\/p>","protected":false},"author":1,"featured_media":0,"parent":0,"menu_order":0,"comment_status":"closed","ping_status":"closed","template":"template-fullwidth.php","meta":{"_uag_custom_page_level_css":"","_glsr_average":0,"_glsr_ranking":0,"_glsr_reviews":0,"footnotes":""},"class_list":["post-212","page","type-page","status-publish","hentry"],"_hostinger_reach_plugin_has_subscription_block":false,"_hostinger_reach_plugin_is_elementor":false,"uagb_featured_image_src":{"full":false,"thumbnail":false,"medium":false,"medium_large":false,"large":false,"1536x1536":false,"2048x2048":false,"trp-custom-language-flag":false,"luxride-blog-image-1200-700":false,"luxride-image-370-270":false,"luxride-related-post-470-370":false,"luxride-team-single-image-1200-700":false,"chbs_vehicle":false,"chbs_vehicle_2":false},"uagb_author_info":{"display_name":"milelux@yahoo.com","author_link":"https:\/\/milelux.co.uk\/ro\/author\/mileluxyahoo-com\/"},"uagb_comment_info":0,"uagb_excerpt":"Luxury Chauffeur Solutions for Airport, Corporate, and Long-Distance Travel At Milelux, we provide more than transportation \u2014 we deliver a tailored, premium travel experience designed around comfort, reliability, and personal attention. Whether you are travelling for business, with family, or for a special occasion, our professional chauffeurs and premium-only fleet ensure every mile is driven&hellip;","_links":{"self":[{"href":"https:\/\/milelux.co.uk\/ro\/wp-json\/wp\/v2\/pages\/212","targetHints":{"allow":["GET"]}}],"collection":[{"href":"https:\/\/milelux.co.uk\/ro\/wp-json\/wp\/v2\/pages"}],"about":[{"href":"https:\/\/milelux.co.uk\/ro\/wp-json\/wp\/v2\/types\/page"}],"author":[{"embeddable":true,"href":"https:\/\/milelux.co.uk\/ro\/wp-json\/wp\/v2\/users\/1"}],"replies":[{"embeddable":true,"href":"https:\/\/milelux.co.uk\/ro\/wp-json\/wp\/v2\/comments?post=212"}],"version-history":[{"count":0,"href":"https:\/\/milelux.co.uk\/ro\/wp-json\/wp\/v2\/pages\/212\/revisions"}],"wp:attachment":[{"href":"https:\/\/milelux.co.uk\/ro\/wp-json\/wp\/v2\/media?parent=212"}],"curies":[{"name":"wp","href":"https:\/\/api.w.org\/{rel}","templated":true}]}}